{"id":43380,"date":"2024-06-27T03:35:00","date_gmt":"2024-06-27T00:35:00","guid":{"rendered":"https:\/\/stage2.redseafish.com\/certificate-of-warranty\/"},"modified":"2025-05-15T14:09:27","modified_gmt":"2025-05-15T11:09:27","slug":"certificate-of-warranty","status":"publish","type":"page","link":"https:\/\/stage2.redseafish.com\/fr\/certificate-of-warranty\/","title":{"rendered":"certificate of warranty"},"content":{"rendered":"\n<div class=\"wp-block-dfnstbm-story story\"><div class=\"story_loader\"><div class=\"lds-roller mx-auto\"><div><\/div><div><\/div><div><\/div><div><\/div><div><\/div><div><\/div><div><\/div><div><\/div><\/div><h2 class=\"center h3 color-white\">Loading<\/h2><\/div><div class=\"story_content\"><button class=\"storyboard-trigger-button\" style=\"position:fixed;top:1rem;right:1rem;z-index:9999999999;padding:.25rem\">Debug-Button<\/button>\n<div class=\"wp-block-dfnstbm-story-frame story_frame gridbox  bg-color-transparent\" style=\"height:auto\" data-stb-active-viewport-size=\"all\" data-stb-track-scroll-progress-when-entering=\"false\">\n<div style=\"z-index:1;height:auto\" class=\"wp-block-dfnstbm-story-element story_element gridbox-element  bg-color-16 flex flex-column justify-start\">\n<div class=\"wp-block-dfnstbm-content-wrapper \n  content-wrapper border-box col-12 transparent max-width-3 mt4 mb5 ml-auto mr-auto pl2 pr2 sm-pl2 sm-pr2 md-pl0 md-pr0 lg-pl0 lg-pr0 color-black\" style=\"min-height:auto;max-height:none;border-radius:0px;grid-gap:\">\n<h2 class=\"wp-block-dfnstbm-heading \n  h1 color-black max-width-3 helvetica-bold left-align mb2 ml-auto mr-auto relative\">Garantie limit\u00e9e des syst\u00e8mes d\u2019aquariums Red Sea<\/h2>\n\n\n\n<p class=\"wp-block-dfnstbm-paragraph \n  h6 color-black max-width-3 open-sans-regular left-align ml-auto mr-auto relative\">Nous vous remercions d\u2019avoir achet\u00e9 un syst\u00e8me Red Sea compos\u00e9 d\u2019un aquarium, d\u2019une d\u00e9cantation, de la tuyauterie et d\u2019un meuble (\u00ab\u00a0<strong>syst\u00e8me<\/strong>\u00ab\u00a0).<br>\u00a0<br>Cette garantie limit\u00e9e ne couvre pas les \u00e9quipements Red Sea suppl\u00e9mentaires tels que le ReefATO+ qui peut \u00eatre fourni avec le syst\u00e8me ou tout \u00e9quipement achet\u00e9 avec le syst\u00e8me dans le cadre d\u2019une offre REEFER Deluxe ou REEFER MAX, tous ces \u00e9quipements suppl\u00e9mentaires b\u00e9n\u00e9ficiant d\u2019une garantie ind\u00e9pendante. Red Sea Aquatics (UK) Ltd. (ci-apr\u00e8s \u00ab\u00a0Red Sea\u00a0\u00bb) garantit le Syst\u00e8me contre les d\u00e9fauts mat\u00e9riels et de fabrication du fabricant pendant 36 mois \u00e0 compter de la date d\u2019achat du Syst\u00e8me par l\u2019acheteur original (ci-apr\u00e8s \u00ab\u00a0la Date initiale d\u2019achat\u00a0\u00bb), comme indiqu\u00e9 plus en d\u00e9tail ci-dessous.<br>\u00a0<br>Vous pouvez enregistrer votre Produit\u00a0 sur le site\u00a0<a href=\"https:\/\/g1.redseafish.com\/fr\/max-register\/\">www.redseafish.com<\/a>.<br>\u00a0<br>La garantie fournie par Red Sea n\u2019est PAS TRANSFERABLE ET EST LIMIT\u00c9E \u00c0 L\u2019ACHETEUR ORIGINAL. Si le Syst\u00e8me est \u00e9ligible \u00e0 cette garantie, Red Sea r\u00e9parera le Syst\u00e8me gratuitement ( hors frais d\u2019exp\u00e9dition) avec des pi\u00e8ces neuves ou remises \u00e0 neuf, ou remplacera le Syst\u00e8me par un Syst\u00e8me neuf ou remis \u00e0 neuf, \u00e0 la seule discr\u00e9tion de Red Sea.<br>\u00a0<br>Cette garantie limit\u00e9e NE COUVRE PAS l\u2019usure normale, ni les articles qui ont une dur\u00e9e d\u2019utilisation limit\u00e9e ou qui sont consommables, tels que, mais sans s\u2019y limiter, les rotors, les \u00e9ponges, les micron bags et les joints toriques. Elle NE COUVRE PAS non plus les dommages survenus lors de l\u2019exp\u00e9dition et\/ou les d\u00e9faillances ou d\u00e9fauts r\u00e9sultant d\u2019une utilisation non conforme aux conditions normales et\/ou de catastrophes naturelles, d\u2019accidents, de surtensions, de n\u00e9gligence, d\u2019une installation, d\u2019un fonctionnement ou d\u2019une maintenance incorrects et\/ou de la r\u00e9paration du syst\u00e8me ou de l\u2019alt\u00e9ration du syst\u00e8me par une personne ne relevant pas d\u2019un centre de service Red Sea agr\u00e9\u00e9, ou de l\u2019utilisation ou du montage du syst\u00e8me conform\u00e9ment aux instructions fournies (dans la notice du syst\u00e8me ou sur le site Web de Red Sea) ou aux normes techniques et\/ou de s\u00e9curit\u00e9 du pays dans lequel le syst\u00e8me est utilis\u00e9. En outre, toute modification du Syst\u00e8me qui n\u2019est pas effectu\u00e9e par un centre de service Red Sea agr\u00e9\u00e9 annulera cette garantie.<\/p>\n\n\n\n<div class=\"wp-block-dfnstbm-divider \n  stb_divider\n bg-color-12\n mt4 mb4 col-12\" style=\"height:1px\"><\/div>\n\n\n\n<p class=\"wp-block-dfnstbm-paragraph \n  h6 color-black max-width-3 open-sans-regular left-align ml-auto mr-auto relative\">Le seul et unique recours contre Red Sea portera sur la r\u00e9paration ou le remplacement du produit comme pr\u00e9vu ci-dessus. AUCUN AUTRE RECOURS (y compris mais non limit\u00e9 \u00e0, des dommages accidentels ou cons\u00e9cutifs ou des dommages pour perte de profits, perte de ventes, ou toute autre perte ou dommage accidentel ou cons\u00e9cutif) ne sera fourni sous cette garantie. Certaines juridictions n\u2019autorisent pas l\u2019exclusion des dommages accessoires ou indirects, de sorte que la limitation ci-dessus peut ne pas s\u2019appliquer \u00e0 vous. Dans la mesure permise par la loi applicable, en aucun cas Red Sea ne sera responsable de toute perte ou dommage \u00e0 la vie aquatique, et\/ou dommage \u00e0 d\u2019autres propri\u00e9t\u00e9s et\/ou individus (incluant mais non limit\u00e9 \u00e0 l\u2019acheteur original) r\u00e9sultant de l\u2019utilisation du produit ou d\u00e9coulant de toute violation de cette garantie. Toutes les garanties implicites (y compris, mais sans s\u2019y limiter, la garantie de la qualit\u00e9 marchande du Produit ou de son aptitude \u00e0 un usage particulier) sont exclues dans toute la mesure permise par la loi applicable et, dans la mesure o\u00f9 elles ne peuvent \u00eatre exclues, sont limit\u00e9es \u00e0 la dur\u00e9e de la p\u00e9riode de garantie applicable indiqu\u00e9e ci-dessus. Certaines juridictions ne permettent pas de limiter la dur\u00e9e d\u2019une garantie ou d\u2019une condition implicite, de sorte que cette limitation peut ne pas s\u2019appliquer \u00e0 vous. Les garanties expresses pr\u00e9vues dans cette garantie limit\u00e9e sont les seules et uniques garanties fournies \u00e0 l\u2019acheteur initial et ne peuvent \u00eatre modifi\u00e9es, \u00e9largies ou chang\u00e9es par un distributeur, un revendeur ou toute autre personne, quelle qu\u2019elle soit.<br>\u00a0<br>CONDITIONS SPECIALES APPLICABLES A L\u2019OPTION DE GARANTIE PROLONGEE DE 24 MOIS POUR L\u2019ACHETEUR ORIGINAL.<br>L\u2019acheteur original et uniquement l\u2019ACHETEUR ORIGINAL peut obtenir une extension de garantie (ci-apr\u00e8s \u00a0\u00bb l\u2019extension de garantie \u00ab\u00a0) couvrant l\u2019int\u00e9grit\u00e9 structurelle de l\u2019aquarium en verre et du meuble (mais pas les autres composants du Syst\u00e8me ou les autres \u00e9quipements fournis ou achet\u00e9s avec le Syst\u00e8me) gratuitement, en enregistrant le Syst\u00e8me dans les 90 jours suivant la Date initiale d\u2019achat sur le site web de Red Sea \u00e0 www.redseafish.com et en y envoyant la preuve de l\u2019achat.<br>En enregistrant le Syst\u00e8me et en choisissant de b\u00e9n\u00e9ficier de l\u2019extension de garantie, vous reconnaissez avoir lu attentivement et compris les conditions applicables \u00e0 l\u2019extension de garantie, qui sont \u00e9nonc\u00e9es ci-dessous, et vous acceptez pleinement ces conditions.<br>CONDITIONS G\u00c9N\u00c9RALES DE L\u2019EXTENSION DE GARANTIE :<br>L\u2019extension de garantie n\u2019est PAS TRANSFERABLE ET EST LIMITEE A L\u2019ACHETEUR ORIGINAL,<br>L\u2019extension de garantie n\u2019est disponible que pour les REEFER G2\/G2+ achet\u00e9s apr\u00e8s le 11 ao\u00fbt 2023, dans l\u2019un des pays suivants : Allemagne, Autriche, Belgique, Canada, France, Irlande, Japon, Pays-Bas, Royaume-Uni et \u00c9tats-Unis.L\u2019extension de garantie ne peut \u00eatre souscrite que dans les 90 jours suivant la date initiale d\u2019achat.<br>L\u2019extension de garantie s\u2019applique pendant une p\u00e9riode cons\u00e9cutive de 24 mois \u00e0 compter de la date d\u2019expiration des 36 mois suivant la date d\u2019achat initiale.<br>L\u2019extension de garantie ne couvre que l\u2019int\u00e9grit\u00e9 structurelle de l\u2019aquarium en verre et du meuble (ci-apr\u00e8s \u00ab\u00a0les composants couverts\u00a0\u00bb).<br>Si les composants couverts sont \u00e9ligibles \u00e0 l\u2019extension de garantie, Red Sea r\u00e9parera gratuitement les composants couverts (hors frais d\u2019exp\u00e9dition) avec des pi\u00e8ces neuves ou remises \u00e0 neuf ou remplacera les composants couverts par des composants neufs ou remis \u00e0 neuf, \u00e0 la seule discr\u00e9tion de Red Sea.<br>Cette garantie limit\u00e9e NE COUVRE PAS l\u2019usure normale, ni les \u00e9l\u00e9ments qui ont une dur\u00e9e de vie naturelle limit\u00e9e ou qui sont des consommables, tels que, mais sans s\u2019y limiter, les turbines, les \u00e9ponges, les micron bags et les joints toriques. Il ne couvre pas non plus les dommages qui se produisent dans l\u2019exp\u00e9dition et\/ou les d\u00e9faillances ou les d\u00e9fauts r\u00e9sultant de l\u2019utilisation en dehors des conditions normales et\/ou les catastrophes naturelles, les accidents, les surtensions, la n\u00e9gligence, l\u2019installation, le fonctionnement ou l\u2019entretien et\/ou la maintenance incorrects du produit ou l\u2019alt\u00e9ration du produit par toute personne autre qu\u2019un centre de service agr\u00e9\u00e9 Red Sea, ou l\u2019utilisation ou l\u2019assemblage incorrects du produit conform\u00e9ment aux instructions fournies (dans la notice du produit ou autrement, y compris sur le site Web de Red Sea) ou les normes techniques et\/ou de s\u00e9curit\u00e9 du pays dans lequel le produit est utilis\u00e9. De plus, toute modification du produit autre que par un centre de service agr\u00e9\u00e9 Red Sea entra\u00eenera la cessation de cette garantie.<br>Sauf modification sp\u00e9cifique dans le pr\u00e9sent document, les conditions g\u00e9n\u00e9rales de la garantie Red Sea fournie lors de l\u2019achat initial du syst\u00e8me d\u2019aquarium s\u2019appliquent \u00e9galement \u00e0 l\u2019extension de garantie.<\/p>\n\n\n\n<div class=\"wp-block-dfnstbm-divider \n  stb_divider\n bg-color-12\n mt4 mb4 col-12\" style=\"height:1px\"><\/div>\n\n\n\n<h2 class=\"wp-block-dfnstbm-heading \n  h1 color-black max-width-3 helvetica-bold left-align mb2 ml-auto mr-auto relative\">Garantie limit\u00e9e des produits pour aquariums Red Sea<\/h2>\n\n\n\n<p class=\"wp-block-dfnstbm-paragraph \n  h6 color-black max-width-3 open-sans-regular left-align ml-auto mr-auto relative\">Nous vous remercions d\u2019avoir achet\u00e9 un Syst\u00e8me d\u2019Aquarium Red Sea (Ci-apr\u00e8s \u00ab le\u00a0<strong>Produit<\/strong>\u00a0\u00bb).<br>\u00a0<br>Red Sea Aquatics (UK) Ltd. (ci-apr\u00e8s \u00ab Red Sea \u00bb) garantit le Produit contre les d\u00e9fauts de fabrication du mat\u00e9riel et de la main d\u2019\u0153uvre pendant 24 mois \u00e0 partir de votre date d\u2019achat.<br>La garantie fournie par Red Sea n\u2019est PAS TRANSF\u00c9RABLE ET EST LIMIT\u00c9E A L\u2019ACHETEUR ORIGINAL. Si le produit est \u00e9ligible pour cette garantie, Red Sea r\u00e9parera le produit gratuitement (sauf les frais de port) avec des pi\u00e8ces neuves ou remises \u00e0 neuf ou remplacera le produit par un produit neuf ou remis \u00e0 neuf \u00e0 la seule discr\u00e9tion de Red Sea.<br>Cette garantie NE COUVRE PAS l\u2019usure normale, ni les \u00e9l\u00e9ments qui ont une dur\u00e9e de vie limit\u00e9e ou qui sont des consommables, tels que, mais sans s\u2019y limiter, les mousses, les ventilateurs, les tuyaux et les joints toriques. Cette extension de garantie NE COUVRE PAS non plus les dommages survenus lors de l\u2019exp\u00e9dition et\/ou les d\u00e9faillances ou d\u00e9fauts r\u00e9sultant d\u2019une utilisation en dehors des conditions normales, les catastrophes naturelles, les accidents, les surtensions, la n\u00e9gligence, l\u2019installation, le fonctionnement ou l\u2019entretien et\/ou la maintenance incorrects des \u00e9l\u00e9ments couverts ou l\u2019alt\u00e9ration des \u00e9l\u00e9ments couverts par toute personne autre qu\u2019un repr\u00e9sentant agr\u00e9\u00e9 Red Sea, ou le d\u00e9faut d\u2019utilisation ou d\u2019assemblage des \u00e9l\u00e9ments couverts conform\u00e9ment aux instructions fournies (dans le manuel du produit ou autrement, y compris sur le site Web de Red Sea) ou aux normes techniques et\/ou de s\u00e9curit\u00e9 du pays dans lequel le produit est utilis\u00e9.<br>De plus, toute modification du produit autre que par un centre de service agr\u00e9\u00e9 Red Sea invalidera cette garantie.<br>\u00a0<br>Afin d\u2019appliquer cette garantie, veuillez contacter votre centre de service local. Pour plus de facilit\u00e9, les centres de service agr\u00e9\u00e9s peuvent \u00eatre trouv\u00e9s sur le site web de Red Sea. La preuve d\u2019achat sera exig\u00e9e pour appliquer la garantie.<br>\u00a0<br>Le seul et unique recours contre Red Sea portera sur la r\u00e9paration ou le remplacement du produit comme pr\u00e9vu ci-dessus. AUCUN AUTRE RECOURS (y compris mais non limit\u00e9 \u00e0, des dommages accidentels ou cons\u00e9cutifs ou des dommages pour perte de profits, perte de ventes, ou toute autre perte ou dommage accidentel ou cons\u00e9cutif) ne sera disponible.<br>Certaines juridictions n\u2019autorisent pas l\u2019exclusion des dommages accessoires ou indirects, de sorte que la limitation ci-dessus peut ne pas s\u2019appliquer \u00e0 vous. Dans la mesure permise par la loi applicable, en aucun cas Red Sea ne sera responsable de toute perte ou dommage \u00e0 la vie aquatique, et\/ou dommage \u00e0 d\u2019autres propri\u00e9t\u00e9s et\/ou individus r\u00e9sultant de l\u2019utilisation du produit ou d\u00e9coulant de toute violation de cette garantie. Toutes les garanties implicites sont exclues dans toute la mesure permise par la loi applicable et, dans la mesure o\u00f9 elles ne peuvent \u00eatre exclues, sont limit\u00e9es \u00e0 la p\u00e9riode de garantie applicable indiqu\u00e9e ci-dessus.<br>Certaines juridictions ne permettent pas de limiter la dur\u00e9e d\u2019une garantie ou d\u2019une condition implicite, de sorte que cette limitation peut ne pas s\u2019appliquer \u00e0 vous. Les garanties expresses \u00e9nonc\u00e9es dans cette garantie sont exclusives et ne peuvent \u00eatre modifi\u00e9es, \u00e9largies ou chang\u00e9es par aucun distributeur, revendeur ou autre personne, quelle qu\u2019elle soit.<\/p>\n\n\n\n<div class=\"wp-block-dfnstbm-divider \n  stb_divider\n bg-color-12\n mt4 mb4 col-12\" style=\"height:1px\"><\/div>\n<\/div>\n<\/div>\n<\/div>\n<\/div><\/div>\n","protected":false},"excerpt":{"rendered":"","protected":false},"author":7,"featured_media":72833,"parent":0,"menu_order":0,"comment_status":"closed","ping_status":"closed","template":"","meta":{"inline_featured_image":false,"footnotes":""},"class_list":["post-43380","page","type-page","status-publish","has-post-thumbnail","hentry"],"yoast_head":"<!-- This site is optimized with the Yoast SEO Premium plugin v25.2 (Yoast SEO v25.2) - https:\/\/yoast.com\/wordpress\/plugins\/seo\/ -->\n<title>certificate of warranty - Red Sea Fish<\/title>\n<meta name=\"robots\" content=\"noindex, nofollow\" \/>\n<meta property=\"og:locale\" content=\"fr_FR\" \/>\n<meta property=\"og:type\" content=\"article\" \/>\n<meta property=\"og:title\" content=\"certificate of warranty - Red Sea Fish\" \/>\n<meta property=\"og:url\" content=\"https:\/\/stage2.redseafish.com\/fr\/certificate-of-warranty\/\" \/>\n<meta property=\"og:site_name\" content=\"Red Sea Fish\" \/>\n<meta property=\"article:modified_time\" content=\"2025-05-15T11:09:27+00:00\" \/>\n<meta name=\"twitter:card\" content=\"summary_large_image\" \/>\n<meta name=\"twitter:label1\" content=\"Dur\u00e9e de lecture estim\u00e9e\" \/>\n\t<meta name=\"twitter:data1\" content=\"8 minutes\" \/>\n<script type=\"application\/ld+json\" class=\"yoast-schema-graph\">{\"@context\":\"https:\/\/schema.org\",\"@graph\":[{\"@type\":\"WebPage\",\"@id\":\"https:\/\/stage2.redseafish.com\/fr\/certificate-of-warranty\/\",\"url\":\"https:\/\/stage2.redseafish.com\/fr\/certificate-of-warranty\/\",\"name\":\"certificate of warranty - Red Sea Fish\",\"isPartOf\":{\"@id\":\"https:\/\/stage2.redseafish.com\/#website\"},\"primaryImageOfPage\":{\"@id\":\"https:\/\/stage2.redseafish.com\/fr\/certificate-of-warranty\/#primaryimage\"},\"image\":{\"@id\":\"https:\/\/stage2.redseafish.com\/fr\/certificate-of-warranty\/#primaryimage\"},\"thumbnailUrl\":\"https:\/\/static.redseafish.com\/wp-content\/uploads\/2025\/05\/19151846\/Share-image.Warranty-Policy.png\",\"datePublished\":\"2024-06-27T00:35:00+00:00\",\"dateModified\":\"2025-05-15T11:09:27+00:00\",\"breadcrumb\":{\"@id\":\"https:\/\/stage2.redseafish.com\/fr\/certificate-of-warranty\/#breadcrumb\"},\"inLanguage\":\"fr-FR\",\"potentialAction\":[{\"@type\":\"ReadAction\",\"target\":[\"https:\/\/stage2.redseafish.com\/fr\/certificate-of-warranty\/\"]}]},{\"@type\":\"ImageObject\",\"inLanguage\":\"fr-FR\",\"@id\":\"https:\/\/stage2.redseafish.com\/fr\/certificate-of-warranty\/#primaryimage\",\"url\":\"https:\/\/static.redseafish.com\/wp-content\/uploads\/2025\/05\/19151846\/Share-image.Warranty-Policy.png\",\"contentUrl\":\"https:\/\/static.redseafish.com\/wp-content\/uploads\/2025\/05\/19151846\/Share-image.Warranty-Policy.png\",\"width\":1200,\"height\":630},{\"@type\":\"BreadcrumbList\",\"@id\":\"https:\/\/stage2.redseafish.com\/fr\/certificate-of-warranty\/#breadcrumb\",\"itemListElement\":[{\"@type\":\"ListItem\",\"position\":1,\"name\":\"Home\",\"item\":\"https:\/\/stage2.redseafish.com\/fr\/\"},{\"@type\":\"ListItem\",\"position\":2,\"name\":\"certificate of warranty\"}]},{\"@type\":\"WebSite\",\"@id\":\"https:\/\/stage2.redseafish.com\/#website\",\"url\":\"https:\/\/stage2.redseafish.com\/\",\"name\":\"Red Sea Fish\",\"description\":\"Home of the best salt water aquarium experience\",\"potentialAction\":[{\"@type\":\"SearchAction\",\"target\":{\"@type\":\"EntryPoint\",\"urlTemplate\":\"https:\/\/stage2.redseafish.com\/?s={search_term_string}\"},\"query-input\":{\"@type\":\"PropertyValueSpecification\",\"valueRequired\":true,\"valueName\":\"search_term_string\"}}],\"inLanguage\":\"fr-FR\"}]}<\/script>\n<!-- \/ Yoast SEO Premium plugin. -->","yoast_head_json":{"title":"certificate of warranty - Red Sea Fish","robots":{"index":"noindex","follow":"nofollow"},"og_locale":"fr_FR","og_type":"article","og_title":"certificate of warranty - Red Sea Fish","og_url":"https:\/\/stage2.redseafish.com\/fr\/certificate-of-warranty\/","og_site_name":"Red Sea Fish","article_modified_time":"2025-05-15T11:09:27+00:00","twitter_card":"summary_large_image","twitter_misc":{"Dur\u00e9e de lecture estim\u00e9e":"8 minutes"},"schema":{"@context":"https:\/\/schema.org","@graph":[{"@type":"WebPage","@id":"https:\/\/stage2.redseafish.com\/fr\/certificate-of-warranty\/","url":"https:\/\/stage2.redseafish.com\/fr\/certificate-of-warranty\/","name":"certificate of warranty - Red Sea Fish","isPartOf":{"@id":"https:\/\/stage2.redseafish.com\/#website"},"primaryImageOfPage":{"@id":"https:\/\/stage2.redseafish.com\/fr\/certificate-of-warranty\/#primaryimage"},"image":{"@id":"https:\/\/stage2.redseafish.com\/fr\/certificate-of-warranty\/#primaryimage"},"thumbnailUrl":"https:\/\/static.redseafish.com\/wp-content\/uploads\/2025\/05\/19151846\/Share-image.Warranty-Policy.png","datePublished":"2024-06-27T00:35:00+00:00","dateModified":"2025-05-15T11:09:27+00:00","breadcrumb":{"@id":"https:\/\/stage2.redseafish.com\/fr\/certificate-of-warranty\/#breadcrumb"},"inLanguage":"fr-FR","potentialAction":[{"@type":"ReadAction","target":["https:\/\/stage2.redseafish.com\/fr\/certificate-of-warranty\/"]}]},{"@type":"ImageObject","inLanguage":"fr-FR","@id":"https:\/\/stage2.redseafish.com\/fr\/certificate-of-warranty\/#primaryimage","url":"https:\/\/static.redseafish.com\/wp-content\/uploads\/2025\/05\/19151846\/Share-image.Warranty-Policy.png","contentUrl":"https:\/\/static.redseafish.com\/wp-content\/uploads\/2025\/05\/19151846\/Share-image.Warranty-Policy.png","width":1200,"height":630},{"@type":"BreadcrumbList","@id":"https:\/\/stage2.redseafish.com\/fr\/certificate-of-warranty\/#breadcrumb","itemListElement":[{"@type":"ListItem","position":1,"name":"Home","item":"https:\/\/stage2.redseafish.com\/fr\/"},{"@type":"ListItem","position":2,"name":"certificate of warranty"}]},{"@type":"WebSite","@id":"https:\/\/stage2.redseafish.com\/#website","url":"https:\/\/stage2.redseafish.com\/","name":"Red Sea Fish","description":"Home of the best salt water aquarium experience","potentialAction":[{"@type":"SearchAction","target":{"@type":"EntryPoint","urlTemplate":"https:\/\/stage2.redseafish.com\/?s={search_term_string}"},"query-input":{"@type":"PropertyValueSpecification","valueRequired":true,"valueName":"search_term_string"}}],"inLanguage":"fr-FR"}]}},"_links":{"self":[{"href":"https:\/\/stage2.redseafish.com\/fr\/wp-json\/wp\/v2\/pages\/43380","targetHints":{"allow":["GET"]}}],"collection":[{"href":"https:\/\/stage2.redseafish.com\/fr\/wp-json\/wp\/v2\/pages"}],"about":[{"href":"https:\/\/stage2.redseafish.com\/fr\/wp-json\/wp\/v2\/types\/page"}],"author":[{"embeddable":true,"href":"https:\/\/stage2.redseafish.com\/fr\/wp-json\/wp\/v2\/users\/7"}],"replies":[{"embeddable":true,"href":"https:\/\/stage2.redseafish.com\/fr\/wp-json\/wp\/v2\/comments?post=43380"}],"version-history":[{"count":5,"href":"https:\/\/stage2.redseafish.com\/fr\/wp-json\/wp\/v2\/pages\/43380\/revisions"}],"predecessor-version":[{"id":72717,"href":"https:\/\/stage2.redseafish.com\/fr\/wp-json\/wp\/v2\/pages\/43380\/revisions\/72717"}],"wp:featuredmedia":[{"embeddable":true,"href":"https:\/\/stage2.redseafish.com\/fr\/wp-json\/wp\/v2\/media\/72833"}],"wp:attachment":[{"href":"https:\/\/stage2.redseafish.com\/fr\/wp-json\/wp\/v2\/media?parent=43380"}],"curies":[{"name":"wp","href":"https:\/\/api.w.org\/{rel}","templated":true}]}}